{"id":1278,"date":"2016-04-07T07:29:41","date_gmt":"2016-04-07T05:29:41","guid":{"rendered":"http:\/\/www.saetsweets.com\/en\/product\/jars-gatos-take-away-l\/"},"modified":"2026-04-18T05:15:27","modified_gmt":"2026-04-18T03:15:27","slug":"take-away-jars-gatos-l","status":"publish","type":"product","link":"https:\/\/comprar-regaliz.com\/en\/producto\/take-away-jars-gatos-l\/","title":{"rendered":"Take Away Jars Gatos<sup>\u00ae<\/sup> L"},"content":{"rendered":"<h4>INGREDIENTES \/ INGREDIENTS:<\/h4>\n<p>Almid\u00f3n de ma\u00edz, az\u00facar, extracto de regaliz, <strong>harina de trigo (contiene gluten)<\/strong>, melaza de ca\u00f1a, jarabe de glucosa y fructosa, emulgente (mono y diglic\u00e9ridos de \u00e1cidos grasos de palma), sal, aroma, colorante (E-153), agente de recubrimiento (aceite vegetal: palma). <strong>SIN CONSERVANTES.<\/strong><\/p>\n<p>Corn starch, sugar, liquorice extract, <strong>wheat flour (contains gluten)<\/strong>, cane molasses, glucose and fructose syrup, emulsifier (mono and diglycerides of palm fatty acids), salt, flavouring, coloring (E-153) , coating agent (vegetable oil: palm).<strong> WITHOUT PRESERVATIVES.<\/strong><\/p>\n<p>&nbsp;<\/p>\n<h4>VALOR ENERG\u00c9TICO \/ <em>NUTRITIONAL FACTS<\/em> &#8211; 100GR.<\/h4>\n<table>\n<tbody>\n<tr style=\"height: 23px;\">\n<td style=\"height: 23px; width: 208px;\"><strong>Valor energ\u00e9tico \/ Calories<\/strong><\/td>\n<td style=\"height: 23px; width: 88px;\"><\/td>\n<td style=\"height: 23px; width: 203px;\">\u00a01,448.10 kJ \/ 346.44 Kcal<\/td>\n<\/tr>\n<tr style=\"height: 23px;\">\n<td style=\"height: 23px; width: 208px;\"><strong>Grasas \/ Fat<\/strong><\/td>\n<td style=\"height: 23px; width: 88px;\"><\/td>\n<td style=\"height: 23px; width: 203px;\">\u00a01.82 gr.<\/td>\n<\/tr>\n<tr style=\"height: 23px;\">\n<td style=\"height: 46px; width: 208px;\" rowspan=\"2\">\u00a0de los cuales \/ of which:<\/td>\n<td style=\"height: 23px; width: 88px;\">\u00a0Saturadas<\/td>\n<td style=\"height: 23px; width: 203px;\">\u00a01.66 gr.<\/td>\n<\/tr>\n<tr style=\"height: 23px;\">\n<td style=\"height: 23px; width: 88px;\">\u00a0Trans<\/td>\n<td style=\"height: 23px; width: 203px;\">\u00a00.00 gr.<\/td>\n<\/tr>\n<tr style=\"height: 23px;\">\n<td style=\"height: 23px; width: 208px;\"><strong>Hidratos de carbono \/ Carbohydrate<\/strong><\/td>\n<td style=\"height: 23px; width: 88px;\"><\/td>\n<td style=\"height: 23px; width: 203px;\">\u00a079.98 gr.<\/td>\n<\/tr>\n<tr style=\"height: 23px;\">\n<td style=\"height: 46px; width: 208px;\" rowspan=\"2\">\u00a0de los cuales \/ of which:<\/td>\n<td style=\"height: 23px; width: 88px;\">\u00a0Az\u00facar \/ Sugar<\/td>\n<td style=\"height: 23px; width: 203px;\">\u00a034.25 gr.<\/td>\n<\/tr>\n<tr style=\"height: 23px;\">\n<td style=\"height: 23px; width: 88px;\">\u00a0Polioles<\/td>\n<td style=\"height: 23px; width: 203px;\">\u00a00.00 gr.<\/td>\n<\/tr>\n<tr style=\"height: 23px;\">\n<td style=\"height: 23px; width: 208px;\"><strong>Fibra alimentada \/ Dietary fiber<\/strong><\/td>\n<td style=\"height: 23px; width: 88px;\"><\/td>\n<td style=\"height: 23px; width: 203px;\">\u00a01,17 gr.<\/td>\n<\/tr>\n<tr style=\"height: 23px;\">\n<td style=\"height: 23px; width: 208px;\"><strong>Proteinas \/ Protein<\/strong><\/td>\n<td style=\"height: 23px; width: 88px;\"><\/td>\n<td style=\"height: 23px; width: 203px;\">\u00a01.96 gr.<\/td>\n<\/tr>\n<tr style=\"height: 23px;\">\n<td style=\"height: 23px; width: 208px;\"><strong>Sal \/ Salt<\/strong><\/td>\n<td style=\"height: 23px; width: 88px;\"><\/td>\n<td style=\"height: 23px; width: 203px;\">\u00a00,79 gr.<\/td>\n<\/tr>\n<\/tbody>\n<\/table>\n","protected":false},"excerpt":{"rendered":"<p class=\"p1\">12 Jars take away.<\/p>\n","protected":false},"featured_media":47492,"comment_status":"open","ping_status":"closed","template":"","meta":{"_et_pb_use_builder":"off","_et_pb_old_content":"","_et_gb_content_width":""},"pwb-brand":[301],"product_brand":[36],"product_cat":[35,362,315],"product_tag":[262],"visibilitat":[],"class_list":{"0":"post-1278","1":"product","2":"type-product","3":"status-publish","4":"has-post-thumbnail","6":"pwb-brand-1-saet-sweets","7":"product_brand-saet-sweets","8":"product_cat-1-confectionery","9":"product_cat-featured-store","10":"product_cat-10-gatos-licorice","11":"product_tag-saet-sweets-en","13":"first","14":"instock","15":"taxable","16":"shipping-taxable","17":"purchasable","18":"product-type-simple"},"group_of_quantity":0,"min_quantity":0,"max_quantity":"","exclude_order_quantity_value_rules":"no","exclude_category_quantity_rules":"no","combine_variations":"no","exclude_global_add_ons":[],"addons":[],"brands":[{"id":301,"name":"SAET SWEETS \u00ae","slug":"1-saet-sweets"}],"_links":{"self":[{"href":"https:\/\/comprar-regaliz.com\/en\/wp-json\/wp\/v2\/product\/1278","targetHints":{"allow":["GET"]}}],"collection":[{"href":"https:\/\/comprar-regaliz.com\/en\/wp-json\/wp\/v2\/product"}],"about":[{"href":"https:\/\/comprar-regaliz.com\/en\/wp-json\/wp\/v2\/types\/product"}],"replies":[{"embeddable":true,"href":"https:\/\/comprar-regaliz.com\/en\/wp-json\/wp\/v2\/comments?post=1278"}],"wp:featuredmedia":[{"embeddable":true,"href":"https:\/\/comprar-regaliz.com\/en\/wp-json\/wp\/v2\/media\/47492"}],"wp:attachment":[{"href":"https:\/\/comprar-regaliz.com\/en\/wp-json\/wp\/v2\/media?parent=1278"}],"wp:term":[{"taxonomy":"pwb-brand","embeddable":true,"href":"https:\/\/comprar-regaliz.com\/en\/wp-json\/wp\/v2\/pwb-brand?post=1278"},{"taxonomy":"product_brand","embeddable":true,"href":"https:\/\/comprar-regaliz.com\/en\/wp-json\/wp\/v2\/product_brand?post=1278"},{"taxonomy":"product_cat","embeddable":true,"href":"https:\/\/comprar-regaliz.com\/en\/wp-json\/wp\/v2\/product_cat?post=1278"},{"taxonomy":"product_tag","embeddable":true,"href":"https:\/\/comprar-regaliz.com\/en\/wp-json\/wp\/v2\/product_tag?post=1278"},{"taxonomy":"visibilitat","embeddable":true,"href":"https:\/\/comprar-regaliz.com\/en\/wp-json\/wp\/v2\/visibilitat?post=1278"}],"curies":[{"name":"wp","href":"https:\/\/api.w.org\/{rel}","templated":true}]}}