{"id":1291,"date":"2016-04-07T09:02:20","date_gmt":"2016-04-07T07:02:20","guid":{"rendered":"http:\/\/www.saetsweets.com\/en\/product\/mini-tonic-christmas\/"},"modified":"2026-04-09T19:00:34","modified_gmt":"2026-04-09T17:00:34","slug":"mini-tonic-christmas","status":"publish","type":"product","link":"https:\/\/comprar-regaliz.com\/en\/producto\/mini-tonic-christmas\/","title":{"rendered":"Mini Tonic Christmas"},"content":{"rendered":"<p>Display with 24 tins of sugar balsamic licorice Christmas\u00a0collection.<\/p>\n<h4>INGREDIENTES \/ INGREDIENTS:<\/h4>\n<p>Extracto de regaliz, almid\u00f3n de ma\u00edz, emulgente (mono y diglic\u00e9ridos de \u00e1cidos grasos), aromas, agente de recubrimiento (aceite vegetal: palma). <strong>Contiene trazas de gluten. Contiene regaliz, las personas que padezcan hipertensi\u00f3n deber\u00edan evitar un consumo excesivo. SIN CONSERVANTES.<\/strong><\/p>\n<p>Licorice extract, corn starch, emulsifier (mono and diglycerides of fatty acids), flavourings, glazing agent (vegetable oil: palm). <strong>Contains traces of gluten. Contains licorice, people with hypertension should avoid excessive consumption. WITHOUT PRESERVATIVES.<\/strong><\/p>\n<p>&nbsp;<\/p>\n<h4>VALOR ENERG\u00c9TICO \/ <em>NUTRITIONAL FACTS<\/em> &#8211; 100GR.<\/h4>\n<table>\n<tbody>\n<tr style=\"height: 23px;\">\n<td style=\"height: 23px; width: 208px;\"><strong>Valor energ\u00e9tico \/ Calories<\/strong><\/td>\n<td style=\"height: 23px; width: 88px;\">\u00a0<\/td>\n<td style=\"height: 23px; width: 203px;\">\u00a01,330.44 KJ \/ 318.29 Kcal<\/td>\n<\/tr>\n<tr style=\"height: 23px;\">\n<td style=\"height: 23px; width: 208px;\"><strong>Grasas \/ Fat<\/strong><\/td>\n<td style=\"height: 23px; width: 88px;\">\u00a0<\/td>\n<td style=\"height: 23px; width: 203px;\">\u00a05.17 gr.<\/td>\n<\/tr>\n<tr style=\"height: 23px;\">\n<td style=\"height: 46px; width: 208px;\" rowspan=\"2\">\u00a0de los cuales \/ of which:<\/td>\n<td style=\"height: 23px; width: 88px;\">\u00a0Saturadas<\/td>\n<td style=\"height: 23px; width: 203px;\">\u00a05.06 gr.<\/td>\n<\/tr>\n<tr style=\"height: 23px;\">\n<td style=\"height: 23px; width: 88px;\">\u00a0Trans<\/td>\n<td style=\"height: 23px; width: 203px;\">\u00a00.00 gr.<\/td>\n<\/tr>\n<tr style=\"height: 23px;\">\n<td style=\"height: 23px; width: 208px;\"><strong>Hidratos de carbono \/ Carbohydrate<\/strong><\/td>\n<td style=\"height: 23px; width: 88px;\">\u00a0<\/td>\n<td style=\"height: 23px; width: 203px;\">\u00a057.16 gr.<\/td>\n<\/tr>\n<tr style=\"height: 23px;\">\n<td style=\"height: 46px; width: 208px;\" rowspan=\"2\">\u00a0de los cuales \/ of which:<\/td>\n<td style=\"height: 23px; width: 88px;\">\u00a0Az\u00facar \/ Sugar<\/td>\n<td style=\"height: 23px; width: 203px;\">\u00a04.38 gr.<\/td>\n<\/tr>\n<tr style=\"height: 23px;\">\n<td style=\"height: 23px; width: 88px;\">\u00a0Polioles<\/td>\n<td style=\"height: 23px; width: 203px;\">\u00a00.00 gr.<\/td>\n<\/tr>\n<tr style=\"height: 23px;\">\n<td style=\"height: 23px; width: 208px;\"><strong>Fibra alimentada \/ Dietary fiber<\/strong><\/td>\n<td style=\"height: 23px; width: 88px;\">\u00a0<\/td>\n<td style=\"height: 23px; width: 203px;\">\u00a06.74 gr.<\/td>\n<\/tr>\n<tr style=\"height: 23px;\">\n<td style=\"height: 23px; width: 208px;\"><strong>Proteinas \/ Protein<\/strong><\/td>\n<td style=\"height: 23px; width: 88px;\">\u00a0<\/td>\n<td style=\"height: 23px; width: 203px;\">\u00a07.42 gr.<\/td>\n<\/tr>\n<tr style=\"height: 23px;\">\n<td style=\"height: 23px; width: 208px;\"><strong>Sal \/ Salt<\/strong><\/td>\n<td style=\"height: 23px; width: 88px;\">\u00a0<\/td>\n<td style=\"height: 23px; width: 203px;\">\u00a01.79 gr.<\/td>\n<\/tr>\n<\/tbody>\n<\/table>\n<h4>\u00a0<\/h4>\n","protected":false},"excerpt":{"rendered":"<p>Display with 24 tins.<\/p>\n","protected":false},"featured_media":47757,"comment_status":"open","ping_status":"closed","template":"","meta":{"_et_pb_use_builder":"","_et_pb_old_content":"","_et_gb_content_width":""},"pwb-brand":[301],"product_brand":[36],"product_cat":[30],"product_tag":[262],"visibilitat":[],"class_list":{"0":"post-1291","1":"product","2":"type-product","3":"status-publish","4":"has-post-thumbnail","6":"pwb-brand-1-saet-sweets","7":"product_brand-saet-sweets","8":"product_cat-2-pharmacy","9":"product_tag-saet-sweets-en","11":"first","12":"instock","13":"taxable","14":"shipping-taxable","15":"purchasable","16":"product-type-simple"},"group_of_quantity":0,"min_quantity":0,"max_quantity":"","exclude_order_quantity_value_rules":"no","exclude_category_quantity_rules":"no","combine_variations":"no","exclude_global_add_ons":[],"addons":[],"brands":[{"id":301,"name":"SAET SWEETS \u00ae","slug":"1-saet-sweets"}],"_links":{"self":[{"href":"https:\/\/comprar-regaliz.com\/en\/wp-json\/wp\/v2\/product\/1291","targetHints":{"allow":["GET"]}}],"collection":[{"href":"https:\/\/comprar-regaliz.com\/en\/wp-json\/wp\/v2\/product"}],"about":[{"href":"https:\/\/comprar-regaliz.com\/en\/wp-json\/wp\/v2\/types\/product"}],"replies":[{"embeddable":true,"href":"https:\/\/comprar-regaliz.com\/en\/wp-json\/wp\/v2\/comments?post=1291"}],"wp:featuredmedia":[{"embeddable":true,"href":"https:\/\/comprar-regaliz.com\/en\/wp-json\/wp\/v2\/media\/47757"}],"wp:attachment":[{"href":"https:\/\/comprar-regaliz.com\/en\/wp-json\/wp\/v2\/media?parent=1291"}],"wp:term":[{"taxonomy":"pwb-brand","embeddable":true,"href":"https:\/\/comprar-regaliz.com\/en\/wp-json\/wp\/v2\/pwb-brand?post=1291"},{"taxonomy":"product_brand","embeddable":true,"href":"https:\/\/comprar-regaliz.com\/en\/wp-json\/wp\/v2\/product_brand?post=1291"},{"taxonomy":"product_cat","embeddable":true,"href":"https:\/\/comprar-regaliz.com\/en\/wp-json\/wp\/v2\/product_cat?post=1291"},{"taxonomy":"product_tag","embeddable":true,"href":"https:\/\/comprar-regaliz.com\/en\/wp-json\/wp\/v2\/product_tag?post=1291"},{"taxonomy":"visibilitat","embeddable":true,"href":"https:\/\/comprar-regaliz.com\/en\/wp-json\/wp\/v2\/visibilitat?post=1291"}],"curies":[{"name":"wp","href":"https:\/\/api.w.org\/{rel}","templated":true}]}}