{"id":1339,"date":"2016-04-07T15:04:17","date_gmt":"2016-04-07T14:04:17","guid":{"rendered":"http:\/\/www.saetsweets.com\/en\/product\/gatos-strawberry-m\/"},"modified":"2026-04-16T23:15:23","modified_gmt":"2026-04-16T21:15:23","slug":"strawberry-gatos-m","status":"publish","type":"product","link":"https:\/\/comprar-regaliz.com\/en\/producto\/strawberry-gatos-m\/","title":{"rendered":"Strawberry Gatos<sup>\u00ae<\/sup> M"},"content":{"rendered":"<h4>INGREDIENTES \/ INGREDIENTS:<\/h4>\n<p>Az\u00facar, <strong>harina de trigo (contiene gluten)<\/strong>, jarabe de glucosa, aceites y grasas vegetales (coco), acidulante (\u00e1cido c\u00edtrico), aromas, corrector de la acidez (citrato tris\u00f3dico), emulgente (mono y diglic\u00e9ridos de \u00e1cidos grasos de palma), colorante (E-120), agentes de recubrimiento (aceite vegetal: palma). SIN CONSERVANTES.<\/p>\n<p>Sugar, <strong>wheat flour (contains gluten)<\/strong>, glucose syrup, vegetable oils and fats (coconut), acidifier (citric acid), flavourings, acidity regulator (trisodium citrate), emulsifier (mono and diglycerides of palm fatty acids) , dye (E-120), coating agents (vegetable oil: palm). WITHOUT PRESERVATIVES.<\/p>\n<p>&nbsp;<\/p>\n<h4>VALOR ENERG\u00c9TICO \/ <em>NUTRITIONAL FACTS<\/em> &#8211; 100GR.<\/h4>\n<table>\n<tbody>\n<tr style=\"height: 23px;\">\n<td style=\"height: 23px; width: 208px;\"><strong>Valor energ\u00e9tico \/ Calories<\/strong><\/td>\n<td style=\"height: 23px; width: 88px;\">\u00a0<\/td>\n<td style=\"height: 23px; width: 203px;\">\u00a01,451.45 kJ \/ 347.24 Kcal<\/td>\n<\/tr>\n<tr style=\"height: 23px;\">\n<td style=\"height: 23px; width: 208px;\"><strong>Grasas \/ Fat<\/strong><\/td>\n<td style=\"height: 23px; width: 88px;\">\u00a0<\/td>\n<td style=\"height: 23px; width: 203px;\">\u00a02.59 gr.<\/td>\n<\/tr>\n<tr style=\"height: 23px;\">\n<td style=\"height: 46px; width: 208px;\" rowspan=\"2\">\u00a0de los cuales \/ of which:<\/td>\n<td style=\"height: 23px; width: 88px;\">\u00a0Saturadas<\/td>\n<td style=\"height: 23px; width: 203px;\">\u00a02.02 gr.<\/td>\n<\/tr>\n<tr style=\"height: 23px;\">\n<td style=\"height: 23px; width: 88px;\">\u00a0Trans<\/td>\n<td style=\"height: 23px; width: 203px;\">\u00a00.00 gr.<\/td>\n<\/tr>\n<tr style=\"height: 23px;\">\n<td style=\"height: 23px; width: 208px;\"><strong>Hidratos de carbono \/ Carbohydrate<\/strong><\/td>\n<td style=\"height: 23px; width: 88px;\">\u00a0<\/td>\n<td style=\"height: 23px; width: 203px;\">\u00a077.38 gr.<\/td>\n<\/tr>\n<tr style=\"height: 23px;\">\n<td style=\"height: 46px; width: 208px;\" rowspan=\"2\">\u00a0de los cuales \/ of which:<\/td>\n<td style=\"height: 23px; width: 88px;\">\u00a0Az\u00facar \/ Sugar<\/td>\n<td style=\"height: 23px; width: 203px;\">\u00a042.17 gr.<\/td>\n<\/tr>\n<tr style=\"height: 23px;\">\n<td style=\"height: 23px; width: 88px;\">\u00a0Polioles<\/td>\n<td style=\"height: 23px; width: 203px;\">\u00a00.00 gr.<\/td>\n<\/tr>\n<tr style=\"height: 23px;\">\n<td style=\"height: 23px; width: 208px;\"><strong>Fibra alimentada \/ Dietary fiber<\/strong><\/td>\n<td style=\"height: 23px; width: 88px;\">\u00a0<\/td>\n<td style=\"height: 23px; width: 203px;\">\u00a00.94 gr.<\/td>\n<\/tr>\n<tr style=\"height: 23px;\">\n<td style=\"height: 23px; width: 208px;\"><strong>Proteinas \/ Protein<\/strong><\/td>\n<td style=\"height: 23px; width: 88px;\">\u00a0<\/td>\n<td style=\"height: 23px; width: 203px;\">\u00a03.12 gr.<\/td>\n<\/tr>\n<tr style=\"height: 23px;\">\n<td style=\"height: 23px; width: 208px;\"><strong>Sal \/ Salt<\/strong><\/td>\n<td style=\"height: 23px; width: 88px;\">\u00a0<\/td>\n<td style=\"height: 23px; width: 203px;\">\u00a00.15 gr.<\/td>\n<\/tr>\n<\/tbody>\n<\/table>\n<h4>\n<\/h4>\n","protected":false},"excerpt":{"rendered":"<p>Display with sticks.<\/p>\n","protected":false},"featured_media":47432,"comment_status":"open","ping_status":"closed","template":"","meta":{"_et_pb_use_builder":"","_et_pb_old_content":"","_et_gb_content_width":""},"pwb-brand":[301],"product_brand":[],"product_cat":[35,315],"product_tag":[262,333],"visibilitat":[],"class_list":{"0":"post-1339","1":"product","2":"type-product","3":"status-publish","4":"has-post-thumbnail","6":"pwb-brand-1-saet-sweets","7":"product_cat-1-confectionery","8":"product_cat-10-gatos-licorice","9":"product_tag-saet-sweets-en","10":"product_tag-strawberry-product","12":"first","13":"instock","14":"taxable","15":"shipping-taxable","16":"purchasable","17":"product-type-simple"},"group_of_quantity":0,"min_quantity":0,"max_quantity":"","exclude_order_quantity_value_rules":"no","exclude_category_quantity_rules":"no","combine_variations":"no","exclude_global_add_ons":[],"addons":[],"brands":[{"id":301,"name":"SAET SWEETS \u00ae","slug":"1-saet-sweets"}],"_links":{"self":[{"href":"https:\/\/comprar-regaliz.com\/en\/wp-json\/wp\/v2\/product\/1339","targetHints":{"allow":["GET"]}}],"collection":[{"href":"https:\/\/comprar-regaliz.com\/en\/wp-json\/wp\/v2\/product"}],"about":[{"href":"https:\/\/comprar-regaliz.com\/en\/wp-json\/wp\/v2\/types\/product"}],"replies":[{"embeddable":true,"href":"https:\/\/comprar-regaliz.com\/en\/wp-json\/wp\/v2\/comments?post=1339"}],"wp:featuredmedia":[{"embeddable":true,"href":"https:\/\/comprar-regaliz.com\/en\/wp-json\/wp\/v2\/media\/47432"}],"wp:attachment":[{"href":"https:\/\/comprar-regaliz.com\/en\/wp-json\/wp\/v2\/media?parent=1339"}],"wp:term":[{"taxonomy":"pwb-brand","embeddable":true,"href":"https:\/\/comprar-regaliz.com\/en\/wp-json\/wp\/v2\/pwb-brand?post=1339"},{"taxonomy":"product_brand","embeddable":true,"href":"https:\/\/comprar-regaliz.com\/en\/wp-json\/wp\/v2\/product_brand?post=1339"},{"taxonomy":"product_cat","embeddable":true,"href":"https:\/\/comprar-regaliz.com\/en\/wp-json\/wp\/v2\/product_cat?post=1339"},{"taxonomy":"product_tag","embeddable":true,"href":"https:\/\/comprar-regaliz.com\/en\/wp-json\/wp\/v2\/product_tag?post=1339"},{"taxonomy":"visibilitat","embeddable":true,"href":"https:\/\/comprar-regaliz.com\/en\/wp-json\/wp\/v2\/visibilitat?post=1339"}],"curies":[{"name":"wp","href":"https:\/\/api.w.org\/{rel}","templated":true}]}}