{"id":1402,"date":"2016-04-14T16:24:07","date_gmt":"2016-04-14T14:24:07","guid":{"rendered":"http:\/\/www.saetsweets.com\/en\/product\/mini-mint-licorice-dragees\/"},"modified":"2026-04-30T04:00:24","modified_gmt":"2026-04-30T02:00:24","slug":"mini-mint-licorice-dragees","status":"publish","type":"product","link":"https:\/\/comprar-regaliz.com\/en\/producto\/mini-mint-licorice-dragees\/","title":{"rendered":"Mini Mint Licorice dragees"},"content":{"rendered":"<p>Bag of Mini Mint Licorice drageesgently mentholated 1,5 Kg.<\/p>\n<h4>INGREDIENTES \/ INGREDIENTS:<\/h4>\n<p>Az\u00facar, melaza, jarabe de glucosa y fructosa, <strong>harina de trigo (contiene gluten)<\/strong>, almid\u00f3n de ma\u00edz, emulgente (mono y diglic\u00e9ridos de \u00e1cidos grasos de palma), extracto de regaliz, espesante (goma ar\u00e1biga), aromas, colorantes (E-101, E-120, E-133), agente de recubrimiento (cera carnauba). <strong>SIN CONSERVANTES.<\/strong><\/p>\n<p>Sugar, molasses, glucose and fructose syrup, <strong>wheat flour (contains gluten)<\/strong>, corn starch, emulsifier (mono and diglycerides of palm fatty acids), liquorice extract, thickener (gum arabic), aromas, colors (E- 101, E-120, E-133), coating agent (carnauba wax). <strong>WITHOUT PRESERVATIVES.<\/strong><\/p>\n<p>&nbsp;<\/p>\n<h4>VALOR ENERG\u00c9TICO \/ <em>NUTRITIONAL FACTS<\/em> &#8211; 100GR.<\/h4>\n<table>\n<tbody>\n<tr style=\"height: 23px;\">\n<td style=\"height: 23px; width: 208px;\"><strong>Valor energ\u00e9tico \/ Calories<\/strong><\/td>\n<td style=\"height: 23px; width: 88px;\">\u00a0<\/td>\n<td style=\"height: 23px; width: 203px;\">\u00a01,407.91 kJ \/ 336.82 Kcal<\/td>\n<\/tr>\n<tr style=\"height: 23px;\">\n<td style=\"height: 23px; width: 208px;\"><strong>Grasas \/ Fat<\/strong><\/td>\n<td style=\"height: 23px; width: 88px;\">\u00a0<\/td>\n<td style=\"height: 23px; width: 203px;\">\u00a00.74 gr.<\/td>\n<\/tr>\n<tr style=\"height: 23px;\">\n<td style=\"height: 46px; width: 208px;\" rowspan=\"2\">\u00a0de los cuales \/ of which:<\/td>\n<td style=\"height: 23px; width: 88px;\">\u00a0Saturadas<\/td>\n<td style=\"height: 23px; width: 203px;\">\u00a00.58 gr.<\/td>\n<\/tr>\n<tr style=\"height: 23px;\">\n<td style=\"height: 23px; width: 88px;\">\u00a0Trans<\/td>\n<td style=\"height: 23px; width: 203px;\">\u00a00.00 gr.<\/td>\n<\/tr>\n<tr style=\"height: 23px;\">\n<td style=\"height: 23px; width: 208px;\"><strong>Hidratos de carbono \/ Carbohydrate<\/strong><\/td>\n<td style=\"height: 23px; width: 88px;\">\u00a0<\/td>\n<td style=\"height: 23px; width: 203px;\">\u00a080.65 gr.<\/td>\n<\/tr>\n<tr style=\"height: 23px;\">\n<td style=\"height: 46px; width: 208px;\" rowspan=\"2\">\u00a0de los cuales \/ of which:<\/td>\n<td style=\"height: 23px; width: 88px;\">\u00a0Az\u00facar \/ Sugar<\/td>\n<td style=\"height: 23px; width: 203px;\">\u00a066.97 gr.<\/td>\n<\/tr>\n<tr style=\"height: 23px;\">\n<td style=\"height: 23px; width: 88px;\">\u00a0Polioles<\/td>\n<td style=\"height: 23px; width: 203px;\">\u00a00.00 gr.<\/td>\n<\/tr>\n<tr style=\"height: 23px;\">\n<td style=\"height: 23px; width: 208px;\"><strong>Fibra alimentada \/ Dietary fiber<\/strong><\/td>\n<td style=\"height: 23px; width: 88px;\">\u00a0<\/td>\n<td style=\"height: 23px; width: 203px;\">\u00a01.20 gr.<\/td>\n<\/tr>\n<tr style=\"height: 23px;\">\n<td style=\"height: 23px; width: 208px;\"><strong>Proteinas \/ Protein<\/strong><\/td>\n<td style=\"height: 23px; width: 88px;\">\u00a0<\/td>\n<td style=\"height: 23px; width: 203px;\">\u00a01.28 gr.<\/td>\n<\/tr>\n<tr style=\"height: 23px;\">\n<td style=\"height: 23px; width: 208px;\"><strong>Sal \/ Salt<\/strong><\/td>\n<td style=\"height: 23px; width: 88px;\">\u00a0<\/td>\n<td style=\"height: 23px; width: 203px;\">\u00a00.02 gr.<\/td>\n<\/tr>\n<\/tbody>\n<\/table>\n","protected":false},"excerpt":{"rendered":"<p>Bag 1,5 Kg.<\/p>\n","protected":false},"featured_media":47620,"comment_status":"open","ping_status":"closed","template":"","meta":{"_et_pb_use_builder":"","_et_pb_old_content":"","_et_gb_content_width":""},"pwb-brand":[301],"product_brand":[],"product_cat":[35],"product_tag":[262],"visibilitat":[],"class_list":{"0":"post-1402","1":"product","2":"type-product","3":"status-publish","4":"has-post-thumbnail","6":"pwb-brand-1-saet-sweets","7":"product_cat-1-confectionery","8":"product_tag-saet-sweets-en","10":"first","11":"instock","12":"taxable","13":"shipping-taxable","14":"purchasable","15":"product-type-simple"},"group_of_quantity":0,"min_quantity":0,"max_quantity":"","exclude_order_quantity_value_rules":"no","exclude_category_quantity_rules":"no","combine_variations":"no","exclude_global_add_ons":[],"addons":[],"brands":[{"id":301,"name":"SAET SWEETS \u00ae","slug":"1-saet-sweets"}],"_links":{"self":[{"href":"https:\/\/comprar-regaliz.com\/en\/wp-json\/wp\/v2\/product\/1402","targetHints":{"allow":["GET"]}}],"collection":[{"href":"https:\/\/comprar-regaliz.com\/en\/wp-json\/wp\/v2\/product"}],"about":[{"href":"https:\/\/comprar-regaliz.com\/en\/wp-json\/wp\/v2\/types\/product"}],"replies":[{"embeddable":true,"href":"https:\/\/comprar-regaliz.com\/en\/wp-json\/wp\/v2\/comments?post=1402"}],"wp:featuredmedia":[{"embeddable":true,"href":"https:\/\/comprar-regaliz.com\/en\/wp-json\/wp\/v2\/media\/47620"}],"wp:attachment":[{"href":"https:\/\/comprar-regaliz.com\/en\/wp-json\/wp\/v2\/media?parent=1402"}],"wp:term":[{"taxonomy":"pwb-brand","embeddable":true,"href":"https:\/\/comprar-regaliz.com\/en\/wp-json\/wp\/v2\/pwb-brand?post=1402"},{"taxonomy":"product_brand","embeddable":true,"href":"https:\/\/comprar-regaliz.com\/en\/wp-json\/wp\/v2\/product_brand?post=1402"},{"taxonomy":"product_cat","embeddable":true,"href":"https:\/\/comprar-regaliz.com\/en\/wp-json\/wp\/v2\/product_cat?post=1402"},{"taxonomy":"product_tag","embeddable":true,"href":"https:\/\/comprar-regaliz.com\/en\/wp-json\/wp\/v2\/product_tag?post=1402"},{"taxonomy":"visibilitat","embeddable":true,"href":"https:\/\/comprar-regaliz.com\/en\/wp-json\/wp\/v2\/visibilitat?post=1402"}],"curies":[{"name":"wp","href":"https:\/\/api.w.org\/{rel}","templated":true}]}}