{"id":1411,"date":"2016-04-15T14:45:54","date_gmt":"2016-04-15T12:45:54","guid":{"rendered":"http:\/\/www.saetsweets.com\/en\/product\/pulmoll-orange-display\/"},"modified":"2026-04-16T02:30:31","modified_gmt":"2026-04-16T00:30:31","slug":"pulmoll-orange-display","status":"publish","type":"product","link":"https:\/\/comprar-regaliz.com\/en\/producto\/pulmoll-orange-display\/","title":{"rendered":"Pulmoll Orange Display"},"content":{"rendered":"<p>Display with 10\u00a0tins orange flavor without sugar + Vitamin C.<\/p>\n<h4>INGREDIENTES \/ INGREDIENTS:<\/h4>\n<p>Edulcorantes: isomaltitol, jarabe de maltitol, jarabe de sorbitol, gluc\u00f3sidos de esteviol; \u00e1cido: \u00e1cido m\u00e1lico; aromas, vitamina C, extracto de piment\u00f3n, jugo de frutas concentrado (0,2%) de naranja, lima, lim\u00f3n; mentol. <strong>El consumo excesivo puede producir efectos laxantes.<\/strong><\/p>\n<p>Seweeteners: isomaltitol, maltitol syrup, sorbitol syrup, steviol glycosides; acid: malic acid; aromas, vitamin C, paprika extract, concentrated fruit juice (0.2%) of orange, lime, lemon; menthol. <strong>Excessive consumption can produce laxative effects.<\/strong><\/p>\n<p>&nbsp;<\/p>\n<h4>VALOR ENERG\u00c9TICO \/ <em>NUTRITIONAL FACTS<\/em> &#8211; 100GR.<\/h4>\n<table style=\"width: 499px;\">\n<tbody>\n<tr style=\"height: 23px;\">\n<td style=\"height: 23px; width: 208px;\"><strong>Valor energ\u00e9tico \/ Calories<\/strong><\/td>\n<td style=\"height: 23px; width: 88px;\">\u00a0<\/td>\n<td style=\"height: 23px; width: 203px;\">\u00a0988.00 kJ \/ 237.00 Kcal<\/td>\n<\/tr>\n<tr style=\"height: 23px;\">\n<td style=\"height: 23px; width: 208px;\"><strong>Grasas \/ Fat<\/strong><\/td>\n<td style=\"height: 23px; width: 88px;\">\u00a0<\/td>\n<td style=\"height: 23px; width: 203px;\">\u00a00,00 gr.<\/td>\n<\/tr>\n<tr style=\"height: 23px;\">\n<td style=\"height: 46px; width: 208px;\" rowspan=\"2\">\u00a0de los cuales \/ of which:<\/td>\n<td style=\"height: 23px; width: 88px;\">\u00a0Saturadas<\/td>\n<td style=\"height: 23px; width: 203px;\">\u00a00,00 gr.<\/td>\n<\/tr>\n<tr style=\"height: 23px;\">\n<td style=\"height: 23px; width: 88px;\">\u00a0Trans<\/td>\n<td style=\"height: 23px; width: 203px;\">\u00a00,00 gr.<\/td>\n<\/tr>\n<tr style=\"height: 23px;\">\n<td style=\"height: 23px; width: 208px;\"><strong>Hidratos de carbono \/ Carbohydrate<\/strong><\/td>\n<td style=\"height: 23px; width: 88px;\">\u00a0<\/td>\n<td style=\"height: 23px; width: 203px;\">\u00a096.00 gr.<\/td>\n<\/tr>\n<tr style=\"height: 23px;\">\n<td style=\"height: 46px; width: 208px;\" rowspan=\"2\">\u00a0de los cuales \/ of which:<\/td>\n<td style=\"height: 23px; width: 88px;\">\u00a0Az\u00facar \/ Sugar<\/td>\n<td style=\"height: 23px; width: 203px;\">\u00a0&lt;0,5 gr.<\/td>\n<\/tr>\n<tr style=\"height: 23px;\">\n<td style=\"height: 23px; width: 88px;\">\u00a0Polioles<\/td>\n<td style=\"height: 23px; width: 203px;\">\u00a00,00 gr.<\/td>\n<\/tr>\n<tr style=\"height: 23px;\">\n<td style=\"height: 23px; width: 208px;\"><strong>Fibra alimentada \/ Dietary fiber<\/strong><\/td>\n<td style=\"height: 23px; width: 88px;\">\u00a0<\/td>\n<td style=\"height: 23px; width: 203px;\">\u00a0&#8211; gr.<\/td>\n<\/tr>\n<tr style=\"height: 23px;\">\n<td style=\"height: 23px; width: 208px;\"><strong>Proteinas \/ Protein<\/strong><\/td>\n<td style=\"height: 23px; width: 88px;\">\u00a0<\/td>\n<td style=\"height: 23px; width: 203px;\">\u00a00,00 gr.<\/td>\n<\/tr>\n<tr style=\"height: 23px;\">\n<td style=\"height: 23px; width: 208px;\"><strong>Sal \/ Salt<\/strong><\/td>\n<td style=\"height: 23px; width: 88px;\">\u00a0<\/td>\n<td style=\"height: 23px; width: 203px;\">\u00a00,00 gr.<\/td>\n<\/tr>\n<tr style=\"height: 23px;\">\n<td style=\"height: 23px; width: 208px;\"><strong>Vitamina C \/ Vitamin C<\/strong><\/td>\n<td style=\"height: 23px; width: 88px;\">\u00a0<\/td>\n<td style=\"height: 23px; width: 203px;\">250,00 mg<\/td>\n<\/tr>\n<\/tbody>\n<\/table>\n<p>&nbsp;<\/p>\n","protected":false},"excerpt":{"rendered":"<p>Display with 10 tins.<\/p>\n","protected":false},"featured_media":47547,"comment_status":"open","ping_status":"closed","template":"","meta":{"_et_pb_use_builder":"","_et_pb_old_content":"","_et_gb_content_width":""},"pwb-brand":[305],"product_brand":[],"product_cat":[35,30],"product_tag":[253],"visibilitat":[],"class_list":{"0":"post-1411","1":"product","2":"type-product","3":"status-publish","4":"has-post-thumbnail","6":"pwb-brand-6-pulmoll","7":"product_cat-1-confectionery","8":"product_cat-2-pharmacy","9":"product_tag-pulmoll-en","11":"first","12":"instock","13":"taxable","14":"shipping-taxable","15":"purchasable","16":"product-type-simple"},"group_of_quantity":0,"min_quantity":0,"max_quantity":"","exclude_order_quantity_value_rules":"no","exclude_category_quantity_rules":"no","combine_variations":"no","exclude_global_add_ons":[],"addons":[],"brands":[{"id":305,"name":"Pulmoll","slug":"6-pulmoll"}],"_links":{"self":[{"href":"https:\/\/comprar-regaliz.com\/en\/wp-json\/wp\/v2\/product\/1411","targetHints":{"allow":["GET"]}}],"collection":[{"href":"https:\/\/comprar-regaliz.com\/en\/wp-json\/wp\/v2\/product"}],"about":[{"href":"https:\/\/comprar-regaliz.com\/en\/wp-json\/wp\/v2\/types\/product"}],"replies":[{"embeddable":true,"href":"https:\/\/comprar-regaliz.com\/en\/wp-json\/wp\/v2\/comments?post=1411"}],"wp:featuredmedia":[{"embeddable":true,"href":"https:\/\/comprar-regaliz.com\/en\/wp-json\/wp\/v2\/media\/47547"}],"wp:attachment":[{"href":"https:\/\/comprar-regaliz.com\/en\/wp-json\/wp\/v2\/media?parent=1411"}],"wp:term":[{"taxonomy":"pwb-brand","embeddable":true,"href":"https:\/\/comprar-regaliz.com\/en\/wp-json\/wp\/v2\/pwb-brand?post=1411"},{"taxonomy":"product_brand","embeddable":true,"href":"https:\/\/comprar-regaliz.com\/en\/wp-json\/wp\/v2\/product_brand?post=1411"},{"taxonomy":"product_cat","embeddable":true,"href":"https:\/\/comprar-regaliz.com\/en\/wp-json\/wp\/v2\/product_cat?post=1411"},{"taxonomy":"product_tag","embeddable":true,"href":"https:\/\/comprar-regaliz.com\/en\/wp-json\/wp\/v2\/product_tag?post=1411"},{"taxonomy":"visibilitat","embeddable":true,"href":"https:\/\/comprar-regaliz.com\/en\/wp-json\/wp\/v2\/visibilitat?post=1411"}],"curies":[{"name":"wp","href":"https:\/\/api.w.org\/{rel}","templated":true}]}}