{"id":44665,"date":"2020-10-01T09:54:17","date_gmt":"2020-10-01T09:54:17","guid":{"rendered":"https:\/\/www.saetsweets.com\/?post_type=product&#038;p=44665"},"modified":"2026-04-25T08:15:06","modified_gmt":"2026-04-25T06:15:06","slug":"display-24-tins-ebro-natural-licorice-sugar-free","status":"publish","type":"product","link":"https:\/\/comprar-regaliz.com\/en\/producto\/display-24-tins-ebro-natural-licorice-sugar-free\/","title":{"rendered":"Display 24 Tins Ebro Natural Licorice Sugar Free"},"content":{"rendered":"<p>Display 24 Tins Ebro Natural Licorice Sugar Free.<br \/>Liquorice pills suitable for food consumption. May contain traces of GLUTEN. Contains liquorice: People suffering from hypertension should avoid excessive consumption.<\/p>\n<h4>INGREDIENTES \/ INGREDIENTS:<\/h4>\n<p>Extracto de regaliz, almid\u00f3n de ma\u00edz, emulgente (mono y diglic\u00e9ridos de \u00e1cidos grasos), agente de recubrimiento (aceite vegetal: palma). <strong>Contiene trazas de gluten. Contiene regaliz, las personas que padezcan hipertensi\u00f3n deber\u00edan evitar un consumo excesivo. SIN CONSERVANTES.<\/strong><\/p>\n<p>Liquorice extract, corn starch, emulsifier (mono and diglycerides of fatty acids), glazing agent (vegetable oil: palm). <strong>Contains traces of gluten. Contains licorice, people with hypertension should avoid excessive consumption. WITHOUT PRESERVATIVES.<\/strong><\/p>\n<p>&nbsp;<\/p>\n<h4>VALOR ENERG\u00c9TICO \/ <em>NUTRITIONAL FACTS<\/em> &#8211; 100GR.<\/h4>\n<table>\n<tbody>\n<tr style=\"height: 23px;\">\n<td style=\"height: 23px; width: 208px;\"><strong>Valor energ\u00e9tico \/ Calories<\/strong><\/td>\n<td style=\"height: 23px; width: 88px;\">\u00a0<\/td>\n<td style=\"height: 23px; width: 203px;\">\u00a01,345.16 kJ \/ 321.81 Kcal<\/td>\n<\/tr>\n<tr style=\"height: 23px;\">\n<td style=\"height: 23px; width: 208px;\"><strong>Grasas \/ Fat<\/strong><\/td>\n<td style=\"height: 23px; width: 88px;\">\u00a0<\/td>\n<td style=\"height: 23px; width: 203px;\">\u00a05.22 gr.<\/td>\n<\/tr>\n<tr style=\"height: 23px;\">\n<td style=\"height: 46px; width: 208px;\" rowspan=\"2\">\u00a0de los cuales \/ of which:<\/td>\n<td style=\"height: 23px; width: 88px;\">\u00a0Saturadas<\/td>\n<td style=\"height: 23px; width: 203px;\">\u00a05.12 gr.<\/td>\n<\/tr>\n<tr style=\"height: 23px;\">\n<td style=\"height: 23px; width: 88px;\">\u00a0Trans<\/td>\n<td style=\"height: 23px; width: 203px;\">\u00a00.00 gr.<\/td>\n<\/tr>\n<tr style=\"height: 23px;\">\n<td style=\"height: 23px; width: 208px;\"><strong>Hidratos de carbono \/ Carbohydrate<\/strong><\/td>\n<td style=\"height: 23px; width: 88px;\">\u00a0<\/td>\n<td style=\"height: 23px; width: 203px;\">\u00a057.79 gr.<\/td>\n<\/tr>\n<tr style=\"height: 23px;\">\n<td style=\"height: 46px; width: 208px;\" rowspan=\"2\">\u00a0de los cuales \/ of which:<\/td>\n<td style=\"height: 23px; width: 88px;\">\u00a0Az\u00facar \/ Sugar<\/td>\n<td style=\"height: 23px; width: 203px;\">\u00a04.43 gr.<\/td>\n<\/tr>\n<tr style=\"height: 23px;\">\n<td style=\"height: 23px; width: 88px;\">\u00a0Polioles<\/td>\n<td style=\"height: 23px; width: 203px;\">\u00a00.00 gr.<\/td>\n<\/tr>\n<tr style=\"height: 23px;\">\n<td style=\"height: 23px; width: 208px;\"><strong>Fibra alimentada \/ Dietary fiber<\/strong><\/td>\n<td style=\"height: 23px; width: 88px;\">\u00a0<\/td>\n<td style=\"height: 23px; width: 203px;\">\u00a06.82 gr.<\/td>\n<\/tr>\n<tr style=\"height: 23px;\">\n<td style=\"height: 23px; width: 208px;\"><strong>Proteinas \/ Protein<\/strong><\/td>\n<td style=\"height: 23px; width: 88px;\">\u00a0<\/td>\n<td style=\"height: 23px; width: 203px;\">\u00a07.50 gr.<\/td>\n<\/tr>\n<tr style=\"height: 23px;\">\n<td style=\"height: 23px; width: 208px;\"><strong>Sal \/ Salt<\/strong><\/td>\n<td style=\"height: 23px; width: 88px;\">\u00a0<\/td>\n<td style=\"height: 23px; width: 203px;\">\u00a01.81 gr.<\/td>\n<\/tr>\n<\/tbody>\n<\/table>\n","protected":false},"excerpt":{"rendered":"<p class=\"p1\">Display 24 Tins.<\/p>\n","protected":false},"featured_media":47669,"comment_status":"open","ping_status":"closed","template":"","meta":{"_et_pb_use_builder":"off","_et_pb_old_content":"","_et_gb_content_width":""},"pwb-brand":[321],"product_brand":[],"product_cat":[35,30],"product_tag":[323],"visibilitat":[335],"class_list":{"0":"post-44665","1":"product","2":"type-product","3":"status-publish","4":"has-post-thumbnail","6":"pwb-brand-2-ebro","7":"product_cat-1-confectionery","8":"product_cat-2-pharmacy","9":"product_tag-ebro-licorice","10":"visibilitat-exclos-de-la-botiga","12":"first","13":"instock","14":"taxable","15":"shipping-taxable","16":"purchasable","17":"product-type-simple"},"group_of_quantity":0,"min_quantity":0,"max_quantity":"","exclude_order_quantity_value_rules":"no","exclude_category_quantity_rules":"no","combine_variations":"no","exclude_global_add_ons":[],"addons":[],"brands":[{"id":321,"name":"Regaliz Ebro","slug":"2-ebro"}],"_links":{"self":[{"href":"https:\/\/comprar-regaliz.com\/en\/wp-json\/wp\/v2\/product\/44665","targetHints":{"allow":["GET"]}}],"collection":[{"href":"https:\/\/comprar-regaliz.com\/en\/wp-json\/wp\/v2\/product"}],"about":[{"href":"https:\/\/comprar-regaliz.com\/en\/wp-json\/wp\/v2\/types\/product"}],"replies":[{"embeddable":true,"href":"https:\/\/comprar-regaliz.com\/en\/wp-json\/wp\/v2\/comments?post=44665"}],"wp:featuredmedia":[{"embeddable":true,"href":"https:\/\/comprar-regaliz.com\/en\/wp-json\/wp\/v2\/media\/47669"}],"wp:attachment":[{"href":"https:\/\/comprar-regaliz.com\/en\/wp-json\/wp\/v2\/media?parent=44665"}],"wp:term":[{"taxonomy":"pwb-brand","embeddable":true,"href":"https:\/\/comprar-regaliz.com\/en\/wp-json\/wp\/v2\/pwb-brand?post=44665"},{"taxonomy":"product_brand","embeddable":true,"href":"https:\/\/comprar-regaliz.com\/en\/wp-json\/wp\/v2\/product_brand?post=44665"},{"taxonomy":"product_cat","embeddable":true,"href":"https:\/\/comprar-regaliz.com\/en\/wp-json\/wp\/v2\/product_cat?post=44665"},{"taxonomy":"product_tag","embeddable":true,"href":"https:\/\/comprar-regaliz.com\/en\/wp-json\/wp\/v2\/product_tag?post=44665"},{"taxonomy":"visibilitat","embeddable":true,"href":"https:\/\/comprar-regaliz.com\/en\/wp-json\/wp\/v2\/visibilitat?post=44665"}],"curies":[{"name":"wp","href":"https:\/\/api.w.org\/{rel}","templated":true}]}}