{"id":51113,"date":"2022-04-29T12:17:47","date_gmt":"2022-04-29T10:17:47","guid":{"rendered":"https:\/\/comprar-regaliz.com\/?post_type=product&#038;p=51113"},"modified":"2026-04-23T23:45:18","modified_gmt":"2026-04-23T21:45:18","slug":"strawberry-dragees-bag","status":"publish","type":"product","link":"https:\/\/comprar-regaliz.com\/en\/producto\/strawberry-dragees-bag\/","title":{"rendered":"Strawberry dragees bag"},"content":{"rendered":"<p>Strawberry dragees bag<\/p>\n<h4>INGREDIENTES \/ INGREDIENTS:<\/h4>\n<p>Az\u00facar, <strong>harina de trigo (contiene gluten)<\/strong>, jarabe de glucosa, espesante (goma ar\u00e1biga), grasas y aceites vegetales (coco), correctores de la acidez (\u00e1cido c\u00edtrico, citrato tris\u00f3dico), aromas, agente de recubrimiento (cera carnauba, aceite vegetal de palma), emulgente (mono y diglic\u00e9ridos de \u00e1cidos grasos de palma), colorante (E-120).<\/p>\n<p>Sugar, <strong>wheat flour (contains gluten)<\/strong>, glucose syrup, thickener (gum arabic), vegetable fats and oils (coconut), acidity regulators (citric acid, trisodium citrate), flavourings, glazing agent (carnauba wax, oil palm vegetable), emulsifier (mono and diglycerides of palm fatty acids), coloring (E-120).<\/p>\n<p>&nbsp;<\/p>\n<h4>VALOR ENERG\u00c9TICO \/ <em>NUTRITIONAL FACTS<\/em> &#8211; 100GR.<\/h4>\n<table>\n<tbody>\n<tr style=\"height: 23px;\">\n<td style=\"height: 23px; width: 208.379px;\"><strong>Valor energ\u00e9tico \/ Calories<\/strong><\/td>\n<td style=\"height: 23px; width: 88.4766px;\">\u00a0<\/td>\n<td style=\"height: 23px; width: 203.164px;\">1.438.14 kJ \/ 344.14 Kcal<\/td>\n<\/tr>\n<tr style=\"height: 23px;\">\n<td style=\"height: 23px; width: 208.379px;\"><strong>Grasas \/ Fat<\/strong><\/td>\n<td style=\"height: 23px; width: 88.4766px;\">\u00a0<\/td>\n<td style=\"height: 23px; width: 203.164px;\">0.93 gr.<\/td>\n<\/tr>\n<tr style=\"height: 23px;\">\n<td style=\"height: 46px; width: 208.379px;\" rowspan=\"2\">\u00a0de los cuales \/ of which:<\/td>\n<td style=\"height: 23px; width: 88.4766px;\">\u00a0Saturadas<\/td>\n<td style=\"height: 23px; width: 203.164px;\">\u00a00.72 gr.<\/td>\n<\/tr>\n<tr style=\"height: 23px;\">\n<td style=\"height: 23px; width: 88.4766px;\">\u00a0Trans<\/td>\n<td style=\"height: 23px; width: 203.164px;\">\u00a00,00 gr.<\/td>\n<\/tr>\n<tr style=\"height: 23px;\">\n<td style=\"height: 23px; width: 208.379px;\"><strong>Hidratos de carbono \/ Carbohydrate<\/strong><\/td>\n<td style=\"height: 23px; width: 88.4766px;\">\u00a0<\/td>\n<td style=\"height: 23px; width: 203.164px;\">82.15 gr.<\/td>\n<\/tr>\n<tr style=\"height: 23px;\">\n<td style=\"height: 46px; width: 208.379px;\" rowspan=\"2\">\u00a0de los cuales \/ of which:<\/td>\n<td style=\"height: 23px; width: 88.4766px;\">\u00a0Az\u00facar \/ Sugar<\/td>\n<td style=\"height: 23px; width: 203.164px;\">\u00a069.55 gr.<\/td>\n<\/tr>\n<tr style=\"height: 23px;\">\n<td style=\"height: 23px; width: 88.4766px;\">\u00a0Polioles<\/td>\n<td style=\"height: 23px; width: 203.164px;\">\u00a00,00 gr.<\/td>\n<\/tr>\n<tr style=\"height: 23px;\">\n<td style=\"height: 23px; width: 208.379px;\"><strong>Fibra alimentada \/ Dietary fiber<\/strong><\/td>\n<td style=\"height: 23px; width: 88.4766px;\">\u00a0<\/td>\n<td style=\"height: 23px; width: 203.164px;\">1.12 gr.<\/td>\n<\/tr>\n<tr style=\"height: 23px;\">\n<td style=\"height: 23px; width: 208.379px;\"><strong>Proteinas \/ Protein<\/strong><\/td>\n<td style=\"height: 23px; width: 88.4766px;\">\u00a0<\/td>\n<td style=\"height: 23px; width: 203.164px;\">\u00a0 1.37 gr.<\/td>\n<\/tr>\n<tr style=\"height: 23px;\">\n<td style=\"height: 23px; width: 208.379px;\"><strong>Sal \/ Salt<\/strong><\/td>\n<td style=\"height: 23px; width: 88.4766px;\">\u00a0<\/td>\n<td style=\"height: 23px; width: 203.164px;\">\u00a00.05 g2r.<\/td>\n<\/tr>\n<\/tbody>\n<\/table>\n<p>&nbsp;<\/p>\n","protected":false},"excerpt":{"rendered":"<p>Exhibitor of 20 bags light.<\/p>\n","protected":false},"featured_media":51115,"comment_status":"closed","ping_status":"closed","template":"","meta":{"_et_pb_use_builder":"","_et_pb_old_content":"","_et_gb_content_width":""},"pwb-brand":[301],"product_brand":[],"product_cat":[35,315],"product_tag":[],"visibilitat":[],"class_list":{"0":"post-51113","1":"product","2":"type-product","3":"status-publish","4":"has-post-thumbnail","6":"pwb-brand-1-saet-sweets","7":"product_cat-1-confectionery","8":"product_cat-10-gatos-licorice","10":"first","11":"instock","12":"taxable","13":"shipping-taxable","14":"purchasable","15":"product-type-simple"},"group_of_quantity":0,"min_quantity":0,"max_quantity":"","exclude_order_quantity_value_rules":"no","exclude_category_quantity_rules":"no","combine_variations":"no","exclude_global_add_ons":[],"addons":[],"brands":[{"id":301,"name":"SAET SWEETS \u00ae","slug":"1-saet-sweets"}],"_links":{"self":[{"href":"https:\/\/comprar-regaliz.com\/en\/wp-json\/wp\/v2\/product\/51113","targetHints":{"allow":["GET"]}}],"collection":[{"href":"https:\/\/comprar-regaliz.com\/en\/wp-json\/wp\/v2\/product"}],"about":[{"href":"https:\/\/comprar-regaliz.com\/en\/wp-json\/wp\/v2\/types\/product"}],"replies":[{"embeddable":true,"href":"https:\/\/comprar-regaliz.com\/en\/wp-json\/wp\/v2\/comments?post=51113"}],"wp:featuredmedia":[{"embeddable":true,"href":"https:\/\/comprar-regaliz.com\/en\/wp-json\/wp\/v2\/media\/51115"}],"wp:attachment":[{"href":"https:\/\/comprar-regaliz.com\/en\/wp-json\/wp\/v2\/media?parent=51113"}],"wp:term":[{"taxonomy":"pwb-brand","embeddable":true,"href":"https:\/\/comprar-regaliz.com\/en\/wp-json\/wp\/v2\/pwb-brand?post=51113"},{"taxonomy":"product_brand","embeddable":true,"href":"https:\/\/comprar-regaliz.com\/en\/wp-json\/wp\/v2\/product_brand?post=51113"},{"taxonomy":"product_cat","embeddable":true,"href":"https:\/\/comprar-regaliz.com\/en\/wp-json\/wp\/v2\/product_cat?post=51113"},{"taxonomy":"product_tag","embeddable":true,"href":"https:\/\/comprar-regaliz.com\/en\/wp-json\/wp\/v2\/product_tag?post=51113"},{"taxonomy":"visibilitat","embeddable":true,"href":"https:\/\/comprar-regaliz.com\/en\/wp-json\/wp\/v2\/visibilitat?post=51113"}],"curies":[{"name":"wp","href":"https:\/\/api.w.org\/{rel}","templated":true}]}}