{"id":66292,"date":"2025-09-17T08:21:32","date_gmt":"2025-09-17T06:21:32","guid":{"rendered":"https:\/\/comprar-regaliz.com\/producto\/ebro-sugar-free-mint-box\/"},"modified":"2026-04-17T03:15:13","modified_gmt":"2026-04-17T01:15:13","slug":"ebro-sugar-free-mint-box","status":"publish","type":"product","link":"https:\/\/comprar-regaliz.com\/en\/producto\/ebro-sugar-free-mint-box\/","title":{"rendered":"Ebro Sugar-Free Mint Box"},"content":{"rendered":"<p><span class=\"s1\">Expositor de 24 unidades de Cajitas Ebro Menta sin Az\u00facar.<\/span><br \/>Pastillas de gel dulce regaliz apta para el consumo alimentario. Puede contener trazas de GLUTEN.<br \/>Contiene regaliz: las personas que padezcan hipertensi\u00f3n deben evitar un consumo excesivo.<\/p>\n<h4>INGREDIENTES \/ INGREDIENTS:<\/h4>\n<p>Extracto de regaliz, almid\u00f3n de ma\u00edz, emulgente (mono y diglic\u00e9ridos de \u00e1cidos grasos), agente de recubrimiento (aceite vegetal: palma). <strong>Contiene trazas de gluten. Contiene regaliz, las personas que padezcan hipertensi\u00f3n deber\u00edan evitar un consumo excesivo. SIN CONSERVANTES.<\/strong><\/p>\n<p>Liquorice extract, corn starch, emulsifier (mono and diglycerides of fatty acids), glazing agent (vegetable oil: palm). <strong>Contains traces of gluten. Contains licorice, people with hypertension should avoid excessive consumption. WITHOUT PRESERVATIVES.<\/strong><\/p>\n<p>&nbsp;<\/p>\n<h4>VALOR ENERG\u00c9TICO \/ <em>NUTRITIONAL FACTS<\/em> &#8211; 100GR.<\/h4>\n<table>\n<tbody>\n<tr style=\"height: 23px;\">\n<td style=\"height: 23px; width: 208px;\"><strong>Valor energ\u00e9tico \/ Calories<\/strong><\/td>\n<td style=\"height: 23px; width: 88px;\"> <\/td>\n<td style=\"height: 23px; width: 203px;\"> 1,345.16 kJ \/ 321.81 Kcal<\/td>\n<\/tr>\n<tr style=\"height: 23px;\">\n<td style=\"height: 23px; width: 208px;\"><strong>Grasas \/ Fat<\/strong><\/td>\n<td style=\"height: 23px; width: 88px;\"> <\/td>\n<td style=\"height: 23px; width: 203px;\"> 5.22 gr.<\/td>\n<\/tr>\n<tr style=\"height: 23px;\">\n<td style=\"height: 46px; width: 208px;\" rowspan=\"2\"> de los cuales \/ of which:<\/td>\n<td style=\"height: 23px; width: 88px;\"> Saturadas<\/td>\n<td style=\"height: 23px; width: 203px;\"> 5.12 gr.<\/td>\n<\/tr>\n<tr style=\"height: 23px;\">\n<td style=\"height: 23px; width: 88px;\"> Trans<\/td>\n<td style=\"height: 23px; width: 203px;\"> 0.00 gr.<\/td>\n<\/tr>\n<tr style=\"height: 23px;\">\n<td style=\"height: 23px; width: 208px;\"><strong>Hidratos de carbono \/ Carbohydrate<\/strong><\/td>\n<td style=\"height: 23px; width: 88px;\"> <\/td>\n<td style=\"height: 23px; width: 203px;\"> 57.79 gr.<\/td>\n<\/tr>\n<tr style=\"height: 23px;\">\n<td style=\"height: 46px; width: 208px;\" rowspan=\"2\"> de los cuales \/ of which:<\/td>\n<td style=\"height: 23px; width: 88px;\"> Az\u00facar \/ Sugar<\/td>\n<td style=\"height: 23px; width: 203px;\"> 4.43 gr.<\/td>\n<\/tr>\n<tr style=\"height: 23px;\">\n<td style=\"height: 23px; width: 88px;\"> Polioles<\/td>\n<td style=\"height: 23px; width: 203px;\"> 0.00 gr.<\/td>\n<\/tr>\n<tr style=\"height: 23px;\">\n<td style=\"height: 23px; width: 208px;\"><strong>Fibra alimentada \/ Dietary fiber<\/strong><\/td>\n<td style=\"height: 23px; width: 88px;\"> <\/td>\n<td style=\"height: 23px; width: 203px;\"> 6.82 gr.<\/td>\n<\/tr>\n<tr style=\"height: 23px;\">\n<td style=\"height: 23px; width: 208px;\"><strong>Proteinas \/ Protein<\/strong><\/td>\n<td style=\"height: 23px; width: 88px;\"> <\/td>\n<td style=\"height: 23px; width: 203px;\"> 7.50 gr.<\/td>\n<\/tr>\n<tr style=\"height: 23px;\">\n<td style=\"height: 23px; width: 208px;\"><strong>Sal \/ Salt<\/strong><\/td>\n<td style=\"height: 23px; width: 88px;\"> <\/td>\n<td style=\"height: 23px; width: 203px;\"> 1.81 gr.<\/td>\n<\/tr>\n<\/tbody>\n<\/table>\n","protected":false},"excerpt":{"rendered":"<p><span class=\"s1\">Display 24 units.<\/span><\/p>\n","protected":false},"featured_media":66648,"comment_status":"open","ping_status":"closed","template":"","meta":{"_et_pb_use_builder":"","_et_pb_old_content":"","_et_gb_content_width":""},"pwb-brand":[321],"product_brand":[],"product_cat":[35,30],"product_tag":[323],"visibilitat":[],"class_list":{"0":"post-66292","1":"product","2":"type-product","3":"status-publish","4":"has-post-thumbnail","6":"pwb-brand-2-ebro","7":"product_cat-1-confectionery","8":"product_cat-2-pharmacy","9":"product_tag-ebro-licorice","11":"first","12":"outofstock","13":"taxable","14":"shipping-taxable","15":"purchasable","16":"product-type-simple"},"group_of_quantity":0,"min_quantity":0,"max_quantity":"","exclude_order_quantity_value_rules":"no","exclude_category_quantity_rules":"no","combine_variations":"no","exclude_global_add_ons":[],"addons":[],"brands":[{"id":321,"name":"Regaliz Ebro","slug":"2-ebro"}],"_links":{"self":[{"href":"https:\/\/comprar-regaliz.com\/en\/wp-json\/wp\/v2\/product\/66292","targetHints":{"allow":["GET"]}}],"collection":[{"href":"https:\/\/comprar-regaliz.com\/en\/wp-json\/wp\/v2\/product"}],"about":[{"href":"https:\/\/comprar-regaliz.com\/en\/wp-json\/wp\/v2\/types\/product"}],"replies":[{"embeddable":true,"href":"https:\/\/comprar-regaliz.com\/en\/wp-json\/wp\/v2\/comments?post=66292"}],"wp:featuredmedia":[{"embeddable":true,"href":"https:\/\/comprar-regaliz.com\/en\/wp-json\/wp\/v2\/media\/66648"}],"wp:attachment":[{"href":"https:\/\/comprar-regaliz.com\/en\/wp-json\/wp\/v2\/media?parent=66292"}],"wp:term":[{"taxonomy":"pwb-brand","embeddable":true,"href":"https:\/\/comprar-regaliz.com\/en\/wp-json\/wp\/v2\/pwb-brand?post=66292"},{"taxonomy":"product_brand","embeddable":true,"href":"https:\/\/comprar-regaliz.com\/en\/wp-json\/wp\/v2\/product_brand?post=66292"},{"taxonomy":"product_cat","embeddable":true,"href":"https:\/\/comprar-regaliz.com\/en\/wp-json\/wp\/v2\/product_cat?post=66292"},{"taxonomy":"product_tag","embeddable":true,"href":"https:\/\/comprar-regaliz.com\/en\/wp-json\/wp\/v2\/product_tag?post=66292"},{"taxonomy":"visibilitat","embeddable":true,"href":"https:\/\/comprar-regaliz.com\/en\/wp-json\/wp\/v2\/visibilitat?post=66292"}],"curies":[{"name":"wp","href":"https:\/\/api.w.org\/{rel}","templated":true}]}}