{"id":6689,"date":"2018-12-12T10:43:47","date_gmt":"2018-12-12T09:43:47","guid":{"rendered":"https:\/\/www.saetsweets.com\/?post_type=product&#038;p=6689"},"modified":"2026-04-24T02:30:18","modified_gmt":"2026-04-24T00:30:18","slug":"strawberry-blast-dragees","status":"publish","type":"product","link":"https:\/\/comprar-regaliz.com\/en\/producto\/strawberry-blast-dragees\/","title":{"rendered":"Strawberry Blast dragees"},"content":{"rendered":"<p>Strawberry Blast Dragees: Bag of acid strawberry Blast Dragees. (1,5kg)<\/p>\n<h4>INGREDIENTES \/ INGREDIENTS:<\/h4>\n<p>Az\u00facar, <strong>harina de trigo (contiene gluten)<\/strong>, jarabe de glucosa, espesante (goma ar\u00e1biga), correctores de la acidez (\u00e1cido c\u00edtrico, citrato tris\u00f3dico), grasas y aceites vegetales (coco), aromas, emulgente (mono y diglic\u00e9ridos de \u00e1cidos grasos de palma), colorante (E-120).<\/p>\n<p>Sugar, <strong>wheat flour (contains gluten)<\/strong>, glucose syrup, thickener (gum arabic), acidity regulators (citric acid, trisodium citrate), vegetable fats and oils (coconut), flavourings, emulsifier (mono and diglycerides of fatty acids palm), dye (E-120).<\/p>\n<p>&nbsp;<\/p>\n<h4>VALOR ENERG\u00c9TICO \/ <em>NUTRITIONAL FACTS<\/em> &#8211; 100GR.<\/h4>\n<table>\n<tbody>\n<tr style=\"height: 23px;\">\n<td style=\"height: 23px; width: 208.379px;\"><strong>Valor energ\u00e9tico \/ Calories<\/strong><\/td>\n<td style=\"height: 23px; width: 88.4766px;\">\u00a0<\/td>\n<td style=\"height: 23px; width: 203.164px;\">\u00a01.505.28 kJ \/ 360.11 Kcal<\/td>\n<\/tr>\n<tr style=\"height: 23px;\">\n<td style=\"height: 23px; width: 208.379px;\"><strong>Grasas \/ Fat<\/strong><\/td>\n<td style=\"height: 23px; width: 88.4766px;\">\u00a0<\/td>\n<td style=\"height: 23px; width: 203.164px;\">\u00a01.56 gr.<\/td>\n<\/tr>\n<tr style=\"height: 23px;\">\n<td style=\"height: 46px; width: 208.379px;\" rowspan=\"2\">\u00a0de los cuales \/ of which:<\/td>\n<td style=\"height: 23px; width: 88.4766px;\">\u00a0Saturadas<\/td>\n<td style=\"height: 23px; width: 203.164px;\">\u00a01.22 gr.<\/td>\n<\/tr>\n<tr style=\"height: 23px;\">\n<td style=\"height: 23px; width: 88.4766px;\">\u00a0Trans<\/td>\n<td style=\"height: 23px; width: 203.164px;\">\u00a00,00 gr.<\/td>\n<\/tr>\n<tr style=\"height: 23px;\">\n<td style=\"height: 23px; width: 208.379px;\"><strong>Hidratos de carbono \/ Carbohydrate<\/strong><\/td>\n<td style=\"height: 23px; width: 88.4766px;\">\u00a0<\/td>\n<td style=\"height: 23px; width: 203.164px;\">\u00a084.06 gr.<\/td>\n<\/tr>\n<tr style=\"height: 23px;\">\n<td style=\"height: 46px; width: 208.379px;\" rowspan=\"2\">\u00a0de los cuales \/ of which:<\/td>\n<td style=\"height: 23px; width: 88.4766px;\">\u00a0Az\u00facar \/ Sugar<\/td>\n<td style=\"height: 23px; width: 203.164px;\">\u00a062.34 gr.<\/td>\n<\/tr>\n<tr style=\"height: 23px;\">\n<td style=\"height: 23px; width: 88.4766px;\">\u00a0Polioles<\/td>\n<td style=\"height: 23px; width: 203.164px;\">\u00a00,00 gr.<\/td>\n<\/tr>\n<tr style=\"height: 23px;\">\n<td style=\"height: 23px; width: 208.379px;\"><strong>Fibra alimentada \/ Dietary fiber<\/strong><\/td>\n<td style=\"height: 23px; width: 88.4766px;\">\u00a0<\/td>\n<td style=\"height: 23px; width: 203.164px;\">\u00a01.20 gr.<\/td>\n<\/tr>\n<tr style=\"height: 23px;\">\n<td style=\"height: 23px; width: 208.379px;\"><strong>Proteinas \/ Protein<\/strong><\/td>\n<td style=\"height: 23px; width: 88.4766px;\">\u00a0<\/td>\n<td style=\"height: 23px; width: 203.164px;\">\u00a01.85 gr.<\/td>\n<\/tr>\n<tr style=\"height: 23px;\">\n<td style=\"height: 23px; width: 208.379px;\"><strong>Sal \/ Salt<\/strong><\/td>\n<td style=\"height: 23px; width: 88.4766px;\">\u00a0<\/td>\n<td style=\"height: 23px; width: 203.164px;\">\u00a00.09 gr.<\/td>\n<\/tr>\n<\/tbody>\n<\/table>\n","protected":false},"excerpt":{"rendered":"<p>Acid strawberry Dragees.<\/p>\n","protected":false},"featured_media":52871,"comment_status":"open","ping_status":"closed","template":"","meta":{"_et_pb_use_builder":"","_et_pb_old_content":"","_et_gb_content_width":""},"pwb-brand":[301],"product_brand":[],"product_cat":[35],"product_tag":[333],"visibilitat":[],"class_list":{"0":"post-6689","1":"product","2":"type-product","3":"status-publish","4":"has-post-thumbnail","6":"pwb-brand-1-saet-sweets","7":"product_cat-1-confectionery","8":"product_tag-strawberry-product","10":"first","11":"instock","12":"taxable","13":"shipping-taxable","14":"purchasable","15":"product-type-simple"},"group_of_quantity":0,"min_quantity":0,"max_quantity":"","exclude_order_quantity_value_rules":"no","exclude_category_quantity_rules":"no","combine_variations":"no","exclude_global_add_ons":[],"addons":[],"brands":[{"id":301,"name":"SAET SWEETS \u00ae","slug":"1-saet-sweets"}],"_links":{"self":[{"href":"https:\/\/comprar-regaliz.com\/en\/wp-json\/wp\/v2\/product\/6689","targetHints":{"allow":["GET"]}}],"collection":[{"href":"https:\/\/comprar-regaliz.com\/en\/wp-json\/wp\/v2\/product"}],"about":[{"href":"https:\/\/comprar-regaliz.com\/en\/wp-json\/wp\/v2\/types\/product"}],"replies":[{"embeddable":true,"href":"https:\/\/comprar-regaliz.com\/en\/wp-json\/wp\/v2\/comments?post=6689"}],"wp:featuredmedia":[{"embeddable":true,"href":"https:\/\/comprar-regaliz.com\/en\/wp-json\/wp\/v2\/media\/52871"}],"wp:attachment":[{"href":"https:\/\/comprar-regaliz.com\/en\/wp-json\/wp\/v2\/media?parent=6689"}],"wp:term":[{"taxonomy":"pwb-brand","embeddable":true,"href":"https:\/\/comprar-regaliz.com\/en\/wp-json\/wp\/v2\/pwb-brand?post=6689"},{"taxonomy":"product_brand","embeddable":true,"href":"https:\/\/comprar-regaliz.com\/en\/wp-json\/wp\/v2\/product_brand?post=6689"},{"taxonomy":"product_cat","embeddable":true,"href":"https:\/\/comprar-regaliz.com\/en\/wp-json\/wp\/v2\/product_cat?post=6689"},{"taxonomy":"product_tag","embeddable":true,"href":"https:\/\/comprar-regaliz.com\/en\/wp-json\/wp\/v2\/product_tag?post=6689"},{"taxonomy":"visibilitat","embeddable":true,"href":"https:\/\/comprar-regaliz.com\/en\/wp-json\/wp\/v2\/visibilitat?post=6689"}],"curies":[{"name":"wp","href":"https:\/\/api.w.org\/{rel}","templated":true}]}}